{"id":4261,"date":"2023-08-15T15:57:49","date_gmt":"2023-08-15T13:57:49","guid":{"rendered":"https:\/\/jimbaloo.fr\/?page_id=4261"},"modified":"2023-08-15T16:11:01","modified_gmt":"2023-08-15T14:11:01","slug":"regles-de-vie-a-jimbaloo","status":"publish","type":"page","link":"https:\/\/jimbaloo.fr\/index.php\/regles-de-vie-a-jimbaloo\/","title":{"rendered":"R\u00e8gles de vie \u00e0 Jimbaloo"},"content":{"rendered":"<div class=\"two_third\"><\/p>\n<h5>Afin que votre s\u00e9jour se passe le plus agr\u00e9ablement possible en notre compagnie, nous vous demandons de nous aider \u00e0 faire respecter ses quelques r\u00e8gles\u00a0:<\/h5>\n<div class=\"rte\">\n<ul>\n<li>Pour la sant\u00e9 de nos enfants, Jimbaloo, l\u2019\u00eele aux mille jeux est un espace non-fumeur y compris en terrasse.<\/li>\n<li>Les enfants sont sous la responsabilit\u00e9 de leurs accompagnateurs. Ceux-ci doivent veiller \u00e0 ce qu\u2019ils respectent les r\u00e8gles de s\u00e9curit\u00e9.<\/li>\n<li>Il est strictement interdit de lancer les briques de l\u00e9go. Elles ne sont pas en mousse et peuvent blesser vos enfants lors d\u2019un usage inappropri\u00e9.<\/li>\n<li>Les enfants doivent \u00eatre munis de chaussettes, par question d\u2019hygi\u00e8ne.<\/li>\n<li>Une aire de jeux est r\u00e9serv\u00e9e aux tout-petits jusqu\u2019\u00e0 4 ans, merci aux plus grands de les respecter et de jouer dans les autres zones.<\/li>\n<li>Il est agr\u00e9able de jouer dans des espaces propres, merci de manger et de boire sur les tables et non dans les jeux. Nous comptons sur votre aide afin que notre \u00eele soit toujours agr\u00e9able et propre.<\/li>\n<li>Il est pr\u00e9f\u00e9rable de ne pas porter de bijoux dans les jeux, vos enfants pourraient se blesser ou bien les perdre.<\/li>\n<\/ul>\n<ul>\n<li>\u00ab\u00a0Jimbaloo caf\u00e9\u00a0\u00bb est \u00e0 votre disposition avec ses petites douceurs et ses boissons vari\u00e9es, merci de ne pas apporter de go\u00fbters personnels afin que notre centre puisse vivre le plus longtemps possible\u00a0!<\/li>\n<li>Pour le bien \u00eatre de tous, le respect de toutes les personnes et biens pr\u00e9sents sur l\u2019\u00eele de Jimbaloo est essentiel.<\/li>\n<li>Un r\u00e8glement sp\u00e9cifique aux structures gonflables est \u00e9galement disponible. N\u2019h\u00e9sitez pas \u00e0 nous le demander si vous ne le voyez pas.<\/li>\n<\/ul>\n<p>Merci de votre collaboration et passez un agr\u00e9able moment\u00a0!<\/p>\n<\/div>\n<p><\/div>\n<div class=\"one_third last\"><img loading=\"lazy\" decoding=\"async\" class=\"alignnone  wp-image-4149\" src=\"http:\/\/jimbaloo.fr\/wp-content\/uploads\/2023\/08\/05-300x281.jpg\" alt=\"\" width=\"600\" height=\"561\" srcset=\"https:\/\/jimbaloo.fr\/wp-content\/uploads\/2023\/08\/05-300x281.jpg 300w, https:\/\/jimbaloo.fr\/wp-content\/uploads\/2023\/08\/05-1536x1439.jpg 1536w, https:\/\/jimbaloo.fr\/wp-content\/uploads\/2023\/08\/05-480x450.jpg 480w, https:\/\/jimbaloo.fr\/wp-content\/uploads\/2023\/08\/05-840x787.jpg 840w, https:\/\/jimbaloo.fr\/wp-content\/uploads\/2023\/08\/05-1320x1237.jpg 1320w, https:\/\/jimbaloo.fr\/wp-content\/uploads\/2023\/08\/05-600x562.jpg 600w, https:\/\/jimbaloo.fr\/wp-content\/uploads\/2023\/08\/05.jpg 1890w\" sizes=\"auto, (max-width: 600px) 100vw, 600px\" \/><br \/>\n<img loading=\"lazy\" decoding=\"async\" class=\"alignnone  wp-image-4146\" src=\"http:\/\/jimbaloo.fr\/wp-content\/uploads\/2023\/08\/02-300x216.jpg\" alt=\"\" width=\"600\" height=\"432\" srcset=\"https:\/\/jimbaloo.fr\/wp-content\/uploads\/2023\/08\/02-300x216.jpg 300w, https:\/\/jimbaloo.fr\/wp-content\/uploads\/2023\/08\/02-1024x737.jpg 1024w, https:\/\/jimbaloo.fr\/wp-content\/uploads\/2023\/08\/02-768x553.jpg 768w, https:\/\/jimbaloo.fr\/wp-content\/uploads\/2023\/08\/02-1536x1105.jpg 1536w, https:\/\/jimbaloo.fr\/wp-content\/uploads\/2023\/08\/02-480x345.jpg 480w, https:\/\/jimbaloo.fr\/wp-content\/uploads\/2023\/08\/02-840x605.jpg 840w, https:\/\/jimbaloo.fr\/wp-content\/uploads\/2023\/08\/02-1320x950.jpg 1320w, https:\/\/jimbaloo.fr\/wp-content\/uploads\/2023\/08\/02-600x432.jpg 600w, https:\/\/jimbaloo.fr\/wp-content\/uploads\/2023\/08\/02.jpg 1748w\" sizes=\"auto, (max-width: 600px) 100vw, 600px\" \/><br \/>\n<\/div>\r\n        <div class=\"clearboth\"><\/div>\n","protected":false},"excerpt":{"rendered":"","protected":false},"author":1,"featured_media":0,"parent":0,"menu_order":0,"comment_status":"closed","ping_status":"closed","template":"page-templates\/template-no-sidebar.php","meta":{"footnotes":""},"class_list":["post-4261","page","type-page","status-publish","hentry"],"yoast_head":"<!-- This site is optimized with the Yoast SEO plugin v26.2 - https:\/\/yoast.com\/wordpress\/plugins\/seo\/ -->\n<title>R\u00e8gles de vie \u00e0 Jimbaloo - Jimbaloo<\/title>\n<meta name=\"robots\" content=\"index, follow, max-snippet:-1, max-image-preview:large, max-video-preview:-1\" \/>\n<link rel=\"canonical\" href=\"https:\/\/jimbaloo.fr\/index.php\/regles-de-vie-a-jimbaloo\/\" \/>\n<meta property=\"og:locale\" content=\"en_US\" \/>\n<meta property=\"og:type\" content=\"article\" \/>\n<meta property=\"og:title\" content=\"R\u00e8gles de vie \u00e0 Jimbaloo - Jimbaloo\" \/>\n<meta property=\"og:url\" content=\"https:\/\/jimbaloo.fr\/index.php\/regles-de-vie-a-jimbaloo\/\" \/>\n<meta property=\"og:site_name\" content=\"Jimbaloo\" \/>\n<meta property=\"article:modified_time\" content=\"2023-08-15T14:11:01+00:00\" \/>\n<meta property=\"og:image\" content=\"https:\/\/jimbaloo.fr\/wp-content\/uploads\/2023\/08\/05-1024x960.jpg\" \/>\n\t<meta property=\"og:image:width\" content=\"1024\" \/>\n\t<meta property=\"og:image:height\" content=\"960\" \/>\n\t<meta property=\"og:image:type\" content=\"image\/jpeg\" \/>\n<meta name=\"twitter:card\" content=\"summary_large_image\" \/>\n<meta name=\"twitter:label1\" content=\"Est. reading time\" \/>\n\t<meta name=\"twitter:data1\" content=\"1 minute\" \/>\n<script type=\"application\/ld+json\" class=\"yoast-schema-graph\">{\"@context\":\"https:\/\/schema.org\",\"@graph\":[{\"@type\":\"WebPage\",\"@id\":\"https:\/\/jimbaloo.fr\/index.php\/regles-de-vie-a-jimbaloo\/\",\"url\":\"https:\/\/jimbaloo.fr\/index.php\/regles-de-vie-a-jimbaloo\/\",\"name\":\"R\u00e8gles de vie \u00e0 Jimbaloo - Jimbaloo\",\"isPartOf\":{\"@id\":\"https:\/\/jimbaloo.fr\/#website\"},\"primaryImageOfPage\":{\"@id\":\"https:\/\/jimbaloo.fr\/index.php\/regles-de-vie-a-jimbaloo\/#primaryimage\"},\"image\":{\"@id\":\"https:\/\/jimbaloo.fr\/index.php\/regles-de-vie-a-jimbaloo\/#primaryimage\"},\"thumbnailUrl\":\"http:\/\/jimbaloo.fr\/wp-content\/uploads\/2023\/08\/05-300x281.jpg\",\"datePublished\":\"2023-08-15T13:57:49+00:00\",\"dateModified\":\"2023-08-15T14:11:01+00:00\",\"breadcrumb\":{\"@id\":\"https:\/\/jimbaloo.fr\/index.php\/regles-de-vie-a-jimbaloo\/#breadcrumb\"},\"inLanguage\":\"en-US\",\"potentialAction\":[{\"@type\":\"ReadAction\",\"target\":[\"https:\/\/jimbaloo.fr\/index.php\/regles-de-vie-a-jimbaloo\/\"]}]},{\"@type\":\"ImageObject\",\"inLanguage\":\"en-US\",\"@id\":\"https:\/\/jimbaloo.fr\/index.php\/regles-de-vie-a-jimbaloo\/#primaryimage\",\"url\":\"https:\/\/jimbaloo.fr\/wp-content\/uploads\/2023\/08\/05.jpg\",\"contentUrl\":\"https:\/\/jimbaloo.fr\/wp-content\/uploads\/2023\/08\/05.jpg\",\"width\":1890,\"height\":1771},{\"@type\":\"BreadcrumbList\",\"@id\":\"https:\/\/jimbaloo.fr\/index.php\/regles-de-vie-a-jimbaloo\/#breadcrumb\",\"itemListElement\":[{\"@type\":\"ListItem\",\"position\":1,\"name\":\"Home\",\"item\":\"https:\/\/jimbaloo.fr\/\"},{\"@type\":\"ListItem\",\"position\":2,\"name\":\"R\u00e8gles de vie \u00e0 Jimbaloo\"}]},{\"@type\":\"WebSite\",\"@id\":\"https:\/\/jimbaloo.fr\/#website\",\"url\":\"https:\/\/jimbaloo.fr\/\",\"name\":\"Jimbaloo\",\"description\":\"L&#039;aire de jeux g\u00e9ante\",\"publisher\":{\"@id\":\"https:\/\/jimbaloo.fr\/#organization\"},\"potentialAction\":[{\"@type\":\"SearchAction\",\"target\":{\"@type\":\"EntryPoint\",\"urlTemplate\":\"https:\/\/jimbaloo.fr\/?s={search_term_string}\"},\"query-input\":{\"@type\":\"PropertyValueSpecification\",\"valueRequired\":true,\"valueName\":\"search_term_string\"}}],\"inLanguage\":\"en-US\"},{\"@type\":\"Organization\",\"@id\":\"https:\/\/jimbaloo.fr\/#organization\",\"name\":\"Jimbaloo\",\"url\":\"https:\/\/jimbaloo.fr\/\",\"logo\":{\"@type\":\"ImageObject\",\"inLanguage\":\"en-US\",\"@id\":\"https:\/\/jimbaloo.fr\/#\/schema\/logo\/image\/\",\"url\":\"https:\/\/jimbaloo.fr\/wp-content\/uploads\/2023\/08\/logo-jimbaloo-e1775409944956.png\",\"contentUrl\":\"https:\/\/jimbaloo.fr\/wp-content\/uploads\/2023\/08\/logo-jimbaloo-e1775409944956.png\",\"width\":631,\"height\":270,\"caption\":\"Jimbaloo\"},\"image\":{\"@id\":\"https:\/\/jimbaloo.fr\/#\/schema\/logo\/image\/\"}}]}<\/script>\n<!-- \/ Yoast SEO plugin. -->","yoast_head_json":{"title":"R\u00e8gles de vie \u00e0 Jimbaloo - Jimbaloo","robots":{"index":"index","follow":"follow","max-snippet":"max-snippet:-1","max-image-preview":"max-image-preview:large","max-video-preview":"max-video-preview:-1"},"canonical":"https:\/\/jimbaloo.fr\/index.php\/regles-de-vie-a-jimbaloo\/","og_locale":"en_US","og_type":"article","og_title":"R\u00e8gles de vie \u00e0 Jimbaloo - Jimbaloo","og_url":"https:\/\/jimbaloo.fr\/index.php\/regles-de-vie-a-jimbaloo\/","og_site_name":"Jimbaloo","article_modified_time":"2023-08-15T14:11:01+00:00","og_image":[{"width":1024,"height":960,"url":"https:\/\/jimbaloo.fr\/wp-content\/uploads\/2023\/08\/05-1024x960.jpg","type":"image\/jpeg"}],"twitter_card":"summary_large_image","twitter_misc":{"Est. reading time":"1 minute"},"schema":{"@context":"https:\/\/schema.org","@graph":[{"@type":"WebPage","@id":"https:\/\/jimbaloo.fr\/index.php\/regles-de-vie-a-jimbaloo\/","url":"https:\/\/jimbaloo.fr\/index.php\/regles-de-vie-a-jimbaloo\/","name":"R\u00e8gles de vie \u00e0 Jimbaloo - Jimbaloo","isPartOf":{"@id":"https:\/\/jimbaloo.fr\/#website"},"primaryImageOfPage":{"@id":"https:\/\/jimbaloo.fr\/index.php\/regles-de-vie-a-jimbaloo\/#primaryimage"},"image":{"@id":"https:\/\/jimbaloo.fr\/index.php\/regles-de-vie-a-jimbaloo\/#primaryimage"},"thumbnailUrl":"http:\/\/jimbaloo.fr\/wp-content\/uploads\/2023\/08\/05-300x281.jpg","datePublished":"2023-08-15T13:57:49+00:00","dateModified":"2023-08-15T14:11:01+00:00","breadcrumb":{"@id":"https:\/\/jimbaloo.fr\/index.php\/regles-de-vie-a-jimbaloo\/#breadcrumb"},"inLanguage":"en-US","potentialAction":[{"@type":"ReadAction","target":["https:\/\/jimbaloo.fr\/index.php\/regles-de-vie-a-jimbaloo\/"]}]},{"@type":"ImageObject","inLanguage":"en-US","@id":"https:\/\/jimbaloo.fr\/index.php\/regles-de-vie-a-jimbaloo\/#primaryimage","url":"https:\/\/jimbaloo.fr\/wp-content\/uploads\/2023\/08\/05.jpg","contentUrl":"https:\/\/jimbaloo.fr\/wp-content\/uploads\/2023\/08\/05.jpg","width":1890,"height":1771},{"@type":"BreadcrumbList","@id":"https:\/\/jimbaloo.fr\/index.php\/regles-de-vie-a-jimbaloo\/#breadcrumb","itemListElement":[{"@type":"ListItem","position":1,"name":"Home","item":"https:\/\/jimbaloo.fr\/"},{"@type":"ListItem","position":2,"name":"R\u00e8gles de vie \u00e0 Jimbaloo"}]},{"@type":"WebSite","@id":"https:\/\/jimbaloo.fr\/#website","url":"https:\/\/jimbaloo.fr\/","name":"Jimbaloo","description":"L&#039;aire de jeux g\u00e9ante","publisher":{"@id":"https:\/\/jimbaloo.fr\/#organization"},"potentialAction":[{"@type":"SearchAction","target":{"@type":"EntryPoint","urlTemplate":"https:\/\/jimbaloo.fr\/?s={search_term_string}"},"query-input":{"@type":"PropertyValueSpecification","valueRequired":true,"valueName":"search_term_string"}}],"inLanguage":"en-US"},{"@type":"Organization","@id":"https:\/\/jimbaloo.fr\/#organization","name":"Jimbaloo","url":"https:\/\/jimbaloo.fr\/","logo":{"@type":"ImageObject","inLanguage":"en-US","@id":"https:\/\/jimbaloo.fr\/#\/schema\/logo\/image\/","url":"https:\/\/jimbaloo.fr\/wp-content\/uploads\/2023\/08\/logo-jimbaloo-e1775409944956.png","contentUrl":"https:\/\/jimbaloo.fr\/wp-content\/uploads\/2023\/08\/logo-jimbaloo-e1775409944956.png","width":631,"height":270,"caption":"Jimbaloo"},"image":{"@id":"https:\/\/jimbaloo.fr\/#\/schema\/logo\/image\/"}}]}},"_links":{"self":[{"href":"https:\/\/jimbaloo.fr\/index.php\/wp-json\/wp\/v2\/pages\/4261","targetHints":{"allow":["GET"]}}],"collection":[{"href":"https:\/\/jimbaloo.fr\/index.php\/wp-json\/wp\/v2\/pages"}],"about":[{"href":"https:\/\/jimbaloo.fr\/index.php\/wp-json\/wp\/v2\/types\/page"}],"author":[{"embeddable":true,"href":"https:\/\/jimbaloo.fr\/index.php\/wp-json\/wp\/v2\/users\/1"}],"replies":[{"embeddable":true,"href":"https:\/\/jimbaloo.fr\/index.php\/wp-json\/wp\/v2\/comments?post=4261"}],"version-history":[{"count":3,"href":"https:\/\/jimbaloo.fr\/index.php\/wp-json\/wp\/v2\/pages\/4261\/revisions"}],"predecessor-version":[{"id":4267,"href":"https:\/\/jimbaloo.fr\/index.php\/wp-json\/wp\/v2\/pages\/4261\/revisions\/4267"}],"wp:attachment":[{"href":"https:\/\/jimbaloo.fr\/index.php\/wp-json\/wp\/v2\/media?parent=4261"}],"curies":[{"name":"wp","href":"https:\/\/api.w.org\/{rel}","templated":true}]}}